{"id":3608,"date":"2018-11-28T13:34:16","date_gmt":"2018-11-28T13:34:16","guid":{"rendered":"http:\/\/jerusalemfc.tobedev.com\/contacts\/"},"modified":"2022-02-23T17:53:53","modified_gmt":"2022-02-23T15:53:53","slug":"contacts","status":"publish","type":"page","link":"https:\/\/jerusalemfc.co.il\/fr\/contacts\/","title":{"rendered":"Contacts"},"content":{"rendered":"\t\t<div data-elementor-type=\"wp-post\" data-elementor-id=\"3608\" class=\"elementor elementor-3608\" data-elementor-settings=\"[]\">\n\t\t\t\t\t\t<div class=\"elementor-inner\">\n\t\t\t\t\t\t\t<div class=\"elementor-section-wrap\">\n\t\t\t\t\t\t\t<section class=\"elementor-section elementor-top-section elementor-element elementor-element-2f9e7df elementor-section-full_width elementor-section-height-default elementor-section-height-default\" data-id=\"2f9e7df\" data-element_type=\"section\">\n\t\t\t\t\t\t<div class=\"elementor-container elementor-column-gap-no\">\n\t\t\t\t\t\t\t<div class=\"elementor-row\">\n\t\t\t\t\t<div class=\"elementor-column elementor-col-100 elementor-top-column elementor-element elementor-element-dae23d1 sc_inner_width_none sc_layouts_column_icons_position_left\" data-id=\"dae23d1\" data-element_type=\"column\">\n\t\t\t<div class=\"elementor-column-wrap elementor-element-populated\">\n\t\t\t\t\t\t\t<div class=\"elementor-widget-wrap\">\n\t\t\t\t\t\t<div class=\"elementor-element elementor-element-3738da7 sc_fly_static elementor-widget elementor-widget-slider_revolution\" data-id=\"3738da7\" data-element_type=\"widget\" data-widget_type=\"slider_revolution.default\">\n\t\t\t\t<div class=\"elementor-widget-container\">\n\t\t\t\n\t\t<div class=\"wp-block-themepunch-revslider\">\n\t\t\t<!-- START contact REVOLUTION SLIDER 6.7.14 --><p class=\"rs-p-wp-fix\"><\/p>\n\t\t\t<rs-module-wrap id=\"rev_slider_5_1_wrapper\" data-source=\"gallery\" style=\"visibility:hidden;background:transparent;padding:0;margin:0px auto;margin-top:0;margin-bottom:0;\">\n\t\t\t\t<rs-module id=\"rev_slider_5_1\" style=\"\" data-version=\"6.7.14\">\n\t\t\t\t\t<rs-slides style=\"overflow: hidden; position: absolute;\">\n\t\t\t\t\t\t<rs-slide style=\"position: absolute;\" data-key=\"rs-7\" data-title=\"Slide\" data-anim=\"adpr:false;\" data-in=\"o:0;\" data-out=\"a:false;\">\n\t\t\t\t\t\t\t<img decoding=\"async\" src=\"\/\/jerusalemfc.co.il\/fr\/wp-content\/plugins\/revslider\/sr6\/assets\/assets\/dummy.png\" alt=\"\" title=\"club-contact\" width=\"2200\" height=\"1124\" class=\"rev-slidebg tp-rs-img rs-lazyload\" data-lazyload=\"\/\/jerusalemfc.tobedev.com\/wp-content\/uploads\/2022\/02\/club-contact.jpg\" data-bg=\"p:0% 25%;\" data-parallax=\"4\" data-no-retina>\n<!--\n\t\t\t\t\t\t\t--><rs-layer\n\t\t\t\t\t\t\t\tid=\"slider-5-slide-7-layer-0\" \n\t\t\t\t\t\t\t\tdata-type=\"text\"\n\t\t\t\t\t\t\t\tdata-color=\"rgba(255, 255, 255, 0.08)\"\n\t\t\t\t\t\t\t\tdata-rsp_ch=\"on\"\n\t\t\t\t\t\t\t\tdata-xy=\"x:c;y:b;yo:50px;\"\n\t\t\t\t\t\t\t\tdata-text=\"w:normal;s:50;l:50;ls:20px;a:center;\"\n\t\t\t\t\t\t\t\tdata-tst=\"c:#ffffff;\"\n\t\t\t\t\t\t\t\tdata-frame_999=\"o:0;st:w;\"\n\t\t\t\t\t\t\t\tstyle=\"z-index:9;font-family:'Bebas Neue';\"\n\t\t\t\t\t\t\t>Jerusalem<br \/>\nFootball Club \n\t\t\t\t\t\t\t<\/rs-layer><!--\n\n\t\t\t\t\t\t\t--><rs-layer\n\t\t\t\t\t\t\t\tid=\"slider-5-slide-7-layer-4\" \n\t\t\t\t\t\t\t\tdata-type=\"image\"\n\t\t\t\t\t\t\t\tdata-rsp_ch=\"on\"\n\t\t\t\t\t\t\t\tdata-xy=\"x:c;y:b;yo:-100px;\"\n\t\t\t\t\t\t\t\tdata-text=\"w:normal;\"\n\t\t\t\t\t\t\t\tdata-dim=\"w:2500px;h:500px;\"\n\t\t\t\t\t\t\t\tdata-frame_999=\"o:0;st:w;\"\n\t\t\t\t\t\t\t\tstyle=\"z-index:8;\"\n\t\t\t\t\t\t\t><img decoding=\"async\" src=\"\/\/jerusalemfc.co.il\/fr\/wp-content\/plugins\/revslider\/sr6\/assets\/assets\/dummy.png\" alt=\"\" class=\"tp-rs-img rs-lazyload\" width=\"2500\" height=\"500\" data-lazyload=\"\/\/jerusalemfc.tobedev.com\/wp-content\/uploads\/2021\/12\/fond1.png\" data-no-retina> \n\t\t\t\t\t\t\t<\/rs-layer><!--\n-->\t\t\t\t\t<\/rs-slide>\n\t\t\t\t\t<\/rs-slides>\n\t\t\t\t<\/rs-module>\n\t\t\t\t<script>\n\t\t\t\t\tsetREVStartSize({c: 'rev_slider_5_1',rl:[1240,1024,768,480],el:[649.992],gw:[1240],gh:[650],type:'standard',justify:'',layout:'fullwidth',mh:\"0\"});if (window.RS_MODULES!==undefined && window.RS_MODULES.modules!==undefined && window.RS_MODULES.modules[\"revslider51\"]!==undefined) {window.RS_MODULES.modules[\"revslider51\"].once = false;window.revapi5 = undefined;if (window.RS_MODULES.checkMinimal!==undefined) window.RS_MODULES.checkMinimal()}\n\t\t\t\t<\/script>\n\t\t\t<\/rs-module-wrap>\n\t\t\t<!-- END REVOLUTION SLIDER -->\n<\/div>\n\n\t\t\t\t<\/div>\n\t\t\t\t<\/div>\n\t\t\t\t\t\t<\/div>\n\t\t\t\t\t<\/div>\n\t\t<\/div>\n\t\t\t\t\t\t\t\t<\/div>\n\t\t\t\t\t<\/div>\n\t\t<\/section>\n\t\t\t\t<section class=\"elementor-section elementor-top-section elementor-element elementor-element-6c29d56 elementor-section-boxed elementor-section-height-default elementor-section-height-default\" data-id=\"6c29d56\" data-element_type=\"section\" data-settings=\"{&quot;background_background&quot;:&quot;classic&quot;}\">\n\t\t\t\t\t\t<div class=\"elementor-container elementor-column-gap-extended\">\n\t\t\t\t\t\t\t<div class=\"elementor-row\">\n\t\t\t\t\t<div class=\"elementor-column elementor-col-100 elementor-top-column elementor-element elementor-element-051550c sc_inner_width_none sc_layouts_column_icons_position_left\" data-id=\"051550c\" data-element_type=\"column\">\n\t\t\t<div class=\"elementor-column-wrap elementor-element-populated\">\n\t\t\t\t\t\t\t<div class=\"elementor-widget-wrap\">\n\t\t\t\t\t\t<div class=\"elementor-element elementor-element-606bf69 contact-style sc_fly_static elementor-invisible elementor-widget elementor-widget-trx_sc_icons\" data-id=\"606bf69\" data-element_type=\"widget\" data-settings=\"{&quot;_animation&quot;:&quot;fadeInUp&quot;}\" data-widget_type=\"trx_sc_icons.default\">\n\t\t\t\t<div class=\"elementor-widget-container\">\n\t\t\t<div id=\"trx_sc_icons_1623933018\" \r\n\tclass=\"sc_icons sc_icons_default sc_icons_size_large sc_align_center\"><div class=\"sc_icons_columns_wrap sc_item_columns trx_addons_columns_wrap columns_padding_bottom\"><div class=\"trx_addons_column-1_3\"><div class=\"sc_icons_item\"><div class=\"sc_icons_icon sc_icon_type_ icon-map-location\" style=\"color: #C49C48\"><span class=\"sc_icon_type_ icon-map-location\" style=\"color: #C49C48\"><\/span><\/div><div class=\"sc_icons_item_details\"><h4 class=\"sc_icons_item_title\"><span>Adresse<\/span><\/h4><div class=\"sc_icons_item_description\"><span>Ha-Rav Dolgin, J\u00e9rusalem<\/span><\/div><\/div><\/div><\/div><div class=\"trx_addons_column-1_3\"><div class=\"sc_icons_item\"><div class=\"sc_icons_icon sc_icon_type_ icon-paper-plane\" style=\"color: #C49C48\"><span class=\"sc_icon_type_ icon-paper-plane\" style=\"color: #C49C48\"><\/span><\/div><div class=\"sc_icons_item_details\"><h4 class=\"sc_icons_item_title\"><span>Email<\/span><\/h4><div class=\"sc_icons_item_description\"><span><a href=\"mailto:contact@jerusalemfc.co.il\">contact@jerusalemfc.co.il<\/a><\/span><span><\/span><\/div><\/div><\/div><\/div><div class=\"trx_addons_column-1_3\"><div class=\"sc_icons_item\"><div class=\"sc_icons_icon sc_icon_type_ icon-smartphone\" style=\"color: #C49C48\"><span class=\"sc_icon_type_ icon-smartphone\" style=\"color: #C49C48\"><\/span><\/div><div class=\"sc_icons_item_details\"><h4 class=\"sc_icons_item_title\"><span>T\u00e9l\u00e9phone <\/span><\/h4><div class=\"sc_icons_item_description\"><span><a href=\"tel:0503717059\">050 371 7059<\/a><\/span><span><\/span><\/div><\/div><\/div><\/div><\/div><\/div><!-- \/.sc_icons -->\t\t<\/div>\n\t\t\t\t<\/div>\n\t\t\t\t<div class=\"elementor-element elementor-element-661c442 sc_fly_static elementor-widget elementor-widget-spacer\" data-id=\"661c442\" data-element_type=\"widget\" data-widget_type=\"spacer.default\">\n\t\t\t\t<div class=\"elementor-widget-container\">\n\t\t\t\t\t<div class=\"elementor-spacer\">\n\t\t\t<div class=\"elementor-spacer-inner\"><\/div>\n\t\t<\/div>\n\t\t\t\t<\/div>\n\t\t\t\t<\/div>\n\t\t\t\t<div class=\"elementor-element elementor-element-f316b02 sc_fly_static elementor-widget elementor-widget-text-editor\" data-id=\"f316b02\" data-element_type=\"widget\" data-widget_type=\"text-editor.default\">\n\t\t\t\t<div class=\"elementor-widget-container\">\n\t\t\t\t\t\t\t\t<div class=\"elementor-text-editor elementor-clearfix\">\n\t\t\t\t<p>Demande d&rsquo;informations<\/p>\t\t\t\t\t<\/div>\n\t\t\t\t\t\t<\/div>\n\t\t\t\t<\/div>\n\t\t\t\t<div class=\"elementor-element elementor-element-d4dc220 sc_fly_static elementor-widget elementor-widget-heading\" data-id=\"d4dc220\" data-element_type=\"widget\" data-widget_type=\"heading.default\">\n\t\t\t\t<div class=\"elementor-widget-container\">\n\t\t\t<h1 class=\"elementor-heading-title elementor-size-default\">Contactez le club<\/h1>\t\t<\/div>\n\t\t\t\t<\/div>\n\t\t\t\t<div class=\"elementor-element elementor-element-7df34aa sc_fly_static elementor-widget elementor-widget-spacer\" data-id=\"7df34aa\" data-element_type=\"widget\" data-widget_type=\"spacer.default\">\n\t\t\t\t<div class=\"elementor-widget-container\">\n\t\t\t\t\t<div class=\"elementor-spacer\">\n\t\t\t<div class=\"elementor-spacer-inner\"><\/div>\n\t\t<\/div>\n\t\t\t\t<\/div>\n\t\t\t\t<\/div>\n\t\t\t\t<div class=\"elementor-element elementor-element-c0a6d2f sc_fly_static elementor-invisible elementor-widget elementor-widget-shortcode\" data-id=\"c0a6d2f\" data-element_type=\"widget\" data-settings=\"{&quot;_animation&quot;:&quot;fadeInUp&quot;}\" data-widget_type=\"shortcode.default\">\n\t\t\t\t<div class=\"elementor-widget-container\">\n\t\t\t\t\t<div class=\"elementor-shortcode\"><p class=\"wpcf7-contact-form-not-found\"><strong>Erreur\u00a0:<\/strong> Formulaire de contact non trouv\u00e9\u00a0!<\/p><\/div>\n\t\t\t\t<\/div>\n\t\t\t\t<\/div>\n\t\t\t\t\t\t<\/div>\n\t\t\t\t\t<\/div>\n\t\t<\/div>\n\t\t\t\t\t\t\t\t<\/div>\n\t\t\t\t\t<\/div>\n\t\t<\/section>\n\t\t\t\t<section class=\"sc_parallax elementor-section elementor-top-section elementor-element elementor-element-112a64ee elementor-section-full_width elementor-section-height-default elementor-section-height-default\" data-parallax-blocks=\"[{&quot;_id&quot;:&quot;a75fc0c&quot;,&quot;type&quot;:&quot;none&quot;,&quot;animation_prop&quot;:&quot;background&quot;,&quot;image&quot;:{&quot;url&quot;:&quot;&quot;,&quot;id&quot;:&quot;&quot;},&quot;bg_size&quot;:&quot;background&quot;,&quot;left&quot;:{&quot;unit&quot;:&quot;px&quot;,&quot;size&quot;:0,&quot;sizes&quot;:[]},&quot;top&quot;:{&quot;unit&quot;:&quot;px&quot;,&quot;size&quot;:0,&quot;sizes&quot;:[]},&quot;speed&quot;:{&quot;unit&quot;:&quot;px&quot;,&quot;size&quot;:50,&quot;sizes&quot;:[]},&quot;z_index&quot;:{&quot;unit&quot;:&quot;px&quot;,&quot;size&quot;:&quot;&quot;,&quot;sizes&quot;:[]},&quot;class&quot;:&quot;&quot;}]\" data-id=\"112a64ee\" data-element_type=\"section\" data-settings=\"{&quot;background_background&quot;:&quot;classic&quot;,&quot;background_motion_fx_motion_fx_scrolling&quot;:&quot;yes&quot;,&quot;background_motion_fx_translateY_effect&quot;:&quot;yes&quot;,&quot;background_motion_fx_translateY_speed&quot;:{&quot;unit&quot;:&quot;px&quot;,&quot;size&quot;:6.4,&quot;sizes&quot;:[]},&quot;background_motion_fx_translateY_affectedRange&quot;:{&quot;unit&quot;:&quot;%&quot;,&quot;size&quot;:&quot;&quot;,&quot;sizes&quot;:{&quot;start&quot;:0,&quot;end&quot;:100}},&quot;background_motion_fx_devices&quot;:[&quot;desktop&quot;,&quot;tablet&quot;,&quot;mobile&quot;]}\">\n\t\t\t\t\t\t\t<div class=\"elementor-background-overlay\"><\/div>\n\t\t\t\t\t\t\t<div class=\"elementor-container elementor-column-gap-default\">\n\t\t\t\t\t\t\t<div class=\"elementor-row\">\n\t\t\t\t\t<div class=\"elementor-column elementor-col-100 elementor-top-column elementor-element elementor-element-1628f544 sc_inner_width_none sc_layouts_column_icons_position_left\" data-id=\"1628f544\" data-element_type=\"column\">\n\t\t\t<div class=\"elementor-column-wrap elementor-element-populated\">\n\t\t\t\t\t\t\t<div class=\"elementor-widget-wrap\">\n\t\t\t\t\t\t<div class=\"elementor-element elementor-element-483ab02e sc_fly_static elementor-widget elementor-widget-heading\" data-id=\"483ab02e\" data-element_type=\"widget\" data-widget_type=\"heading.default\">\n\t\t\t\t<div class=\"elementor-widget-container\">\n\t\t\t<h3 class=\"elementor-heading-title elementor-size-default\">Aller plus loin ensemble<\/h3>\t\t<\/div>\n\t\t\t\t<\/div>\n\t\t\t\t<div class=\"elementor-element elementor-element-44651dfa elementor-align-center sc_fly_static elementor-widget elementor-widget-button\" data-id=\"44651dfa\" data-element_type=\"widget\" data-widget_type=\"button.default\">\n\t\t\t\t<div class=\"elementor-widget-container\">\n\t\t\t\t\t<div class=\"elementor-button-wrapper\">\n\t\t\t<a href=\"\/adhesion\" class=\"elementor-button-link elementor-button elementor-size-lg\" role=\"button\">\n\t\t\t\t\t\t<span class=\"elementor-button-content-wrapper\">\n\t\t\t\t\t\t<span class=\"elementor-button-text\">Adh\u00e9rer au Jerusalem Football Club<\/span>\n\t\t<\/span>\n\t\t\t\t\t<\/a>\n\t\t<\/div>\n\t\t\t\t<\/div>\n\t\t\t\t<\/div>\n\t\t\t\t\t\t<\/div>\n\t\t\t\t\t<\/div>\n\t\t<\/div>\n\t\t\t\t\t\t\t\t<\/div>\n\t\t\t\t\t<\/div>\n\t\t<\/section>\n\t\t\t\t\t\t<\/div>\n\t\t\t\t\t\t<\/div>\n\t\t\t\t\t<\/div>\n\t\t","protected":false},"excerpt":{"rendered":"<p>Adresse Ha-Rav Dolgin, J\u00e9rusalem Email contact@jerusalemfc.co.il T\u00e9l\u00e9phone 050 371 7059 Demande d&rsquo;informations Contactez le club Aller plus loin ensemble Adh\u00e9rer au Jerusalem Football Club<\/p>\n","protected":false},"author":2,"featured_media":0,"parent":0,"menu_order":0,"comment_status":"closed","ping_status":"closed","template":"","meta":{"inline_featured_image":false,"footnotes":""},"class_list":["post-3608","page","type-page","status-publish","hentry"],"_links":{"self":[{"href":"https:\/\/jerusalemfc.co.il\/fr\/wp-json\/wp\/v2\/pages\/3608","targetHints":{"allow":["GET"]}}],"collection":[{"href":"https:\/\/jerusalemfc.co.il\/fr\/wp-json\/wp\/v2\/pages"}],"about":[{"href":"https:\/\/jerusalemfc.co.il\/fr\/wp-json\/wp\/v2\/types\/page"}],"author":[{"embeddable":true,"href":"https:\/\/jerusalemfc.co.il\/fr\/wp-json\/wp\/v2\/users\/2"}],"replies":[{"embeddable":true,"href":"https:\/\/jerusalemfc.co.il\/fr\/wp-json\/wp\/v2\/comments?post=3608"}],"version-history":[{"count":0,"href":"https:\/\/jerusalemfc.co.il\/fr\/wp-json\/wp\/v2\/pages\/3608\/revisions"}],"wp:attachment":[{"href":"https:\/\/jerusalemfc.co.il\/fr\/wp-json\/wp\/v2\/media?parent=3608"}],"curies":[{"name":"wp","href":"https:\/\/api.w.org\/{rel}","templated":true}]}}